{"id":16729,"date":"2024-06-11T01:23:17","date_gmt":"2024-06-11T01:23:17","guid":{"rendered":"https:\/\/labvanitas.comunicartelab.com\/?post_type=product&#038;p=16729"},"modified":"2025-06-13T14:46:47","modified_gmt":"2025-06-13T14:46:47","slug":"manly-boost","status":"publish","type":"product","link":"https:\/\/vanitas.comunicartelab.com\/en\/product\/manly-boost\/","title":{"rendered":"Manly Boost"},"content":{"rendered":"<ul>\n<li>Eliminar impurezas y c\u00e9lulas muertas, revelando una piel fresca y libre de obstrucciones.<\/li>\n<li>Renovar la piel con una exfoliaci\u00f3n a medida que se adapta a sus necesidades espec\u00edficas.<\/li>\n<li>Nutrir e hidratar profundamente la piel con ingredientes formulados especialmente para pieles exigentes, fortaleci\u00e9ndola y protegi\u00e9ndola de los agentes externos.<\/li>\n<li>Reducir visiblemente bolsas y ojeras para una mirada m\u00e1s despierta y rejuvenecida.<\/li>\n<\/ul>\n<h5><strong>Recomendado para hombres que desean:<\/strong><\/h5>\n<ul>\n<li>Profundizar en la limpieza facial, eliminando impurezas y revitalizando su piel.<\/li>\n<li>Mejorar textura y salud cut\u00e1nea, combatiendo problemas como aspereza y sequedad.<\/li>\n<li>Abordar condiciones espec\u00edficas, tales como acn\u00e9 y poros dilatados, para una piel m\u00e1s sana.<\/li>\n<li>Especial atenci\u00f3n al contorno de ojos, reduciendo bolsas y ojeras para una mirada rejuvenecida.<\/li>\n<li>Conseguir una piel radiante y saludable, elevando su autoestima y bienestar.<\/li>\n<\/ul>","protected":false},"excerpt":{"rendered":"<p><strong>El poder de una piel radiante<\/strong><\/p>\n<p>En una era donde la imagen personal es primordial, Manly Boost responde a las necesidades del hombre moderno. Este tratamiento est\u00e1 dise\u00f1ado para hombres que valoran su apariencia y bienestar, ofreciendo una experiencia de limpieza profunda y revitalizaci\u00f3n integral de la piel.<\/p>\n<p><strong>Duraci\u00f3n de la sesi\u00f3n<\/strong><\/p>\n<p>Disfruta de\u00a0<span class=\"notion-enable-hover\" data-token-index=\"1\">60 minutos de atenci\u00f3n personalizada<\/span>\u00a0en manos de\u00a0<span class=\"notion-enable-hover\" data-token-index=\"3\">nuestros expertos en cuidado de la piel<\/span>, quienes te brindar\u00e1n un tratamiento facial adaptado a tus necesidades.<\/p>","protected":false},"featured_media":36070,"template":"","meta":{"_acf_changed":false},"product_brand":[],"product_cat":[75],"product_tag":[],"class_list":{"0":"post-16729","1":"product","2":"type-product","3":"status-publish","4":"has-post-thumbnail","6":"product_cat-tratamientos-faciales-recoletos-madrid","8":"first","9":"instock","10":"shipping-taxable","11":"purchasable","12":"product-type-simple"},"acf":[],"yoast_head":"<!-- This site is optimized with the Yoast SEO Premium plugin v25.0 (Yoast SEO v27.4) - https:\/\/yoast.com\/product\/yoast-seo-premium-wordpress\/ -->\n<title>Manly Boost - Lab Vanitas<\/title>\n<meta name=\"robots\" content=\"index, follow, max-snippet:-1, max-image-preview:large, max-video-preview:-1\" \/>\n<link rel=\"canonical\" href=\"https:\/\/vanitas.comunicartelab.com\/en\/product\/manly-boost\/\" \/>\n<meta property=\"og:locale\" content=\"en_US\" \/>\n<meta property=\"og:type\" content=\"article\" \/>\n<meta property=\"og:title\" content=\"Manly Boost\" \/>\n<meta property=\"og:description\" content=\"El poder de una piel radiante  En una era donde la imagen personal es primordial, Manly Boost responde a las necesidades del hombre moderno. Este tratamiento est\u00e1 dise\u00f1ado para hombres que valoran su apariencia y bienestar, ofreciendo una experiencia de limpieza profunda y revitalizaci\u00f3n integral de la piel.  Duraci\u00f3n de la sesi\u00f3n  Disfruta de\u00a060 minutos de atenci\u00f3n personalizada\u00a0en manos de\u00a0nuestros expertos en cuidado de la piel, quienes te brindar\u00e1n un tratamiento facial adaptado a tus necesidades.\" \/>\n<meta property=\"og:url\" content=\"https:\/\/vanitas.comunicartelab.com\/en\/product\/manly-boost\/\" \/>\n<meta property=\"og:site_name\" content=\"Lab Vanitas\" \/>\n<meta property=\"article:modified_time\" content=\"2025-06-13T14:46:47+00:00\" \/>\n<meta property=\"og:image\" content=\"https:\/\/vanitas.comunicartelab.com\/wp-content\/uploads\/2024\/06\/MARCO-FOTOS-ARCO-lab-vanitas-madrid-estetica-facial-6.png\" \/>\n\t<meta property=\"og:image:width\" content=\"560\" \/>\n\t<meta property=\"og:image:height\" content=\"530\" \/>\n\t<meta property=\"og:image:type\" content=\"image\/png\" \/>\n<meta name=\"twitter:card\" content=\"summary_large_image\" \/>\n<meta name=\"twitter:label1\" content=\"Est. reading time\" \/>\n\t<meta name=\"twitter:data1\" content=\"1 minute\" \/>\n<script type=\"application\/ld+json\" class=\"yoast-schema-graph\">{\"@context\":\"https:\\\/\\\/schema.org\",\"@graph\":[{\"@type\":\"WebPage\",\"@id\":\"https:\\\/\\\/vanitas.comunicartelab.com\\\/product\\\/manly-boost\\\/\",\"url\":\"https:\\\/\\\/vanitas.comunicartelab.com\\\/product\\\/manly-boost\\\/\",\"name\":\"Manly Boost - Lab Vanitas\",\"isPartOf\":{\"@id\":\"https:\\\/\\\/vanitas.comunicartelab.com\\\/#website\"},\"primaryImageOfPage\":{\"@id\":\"https:\\\/\\\/vanitas.comunicartelab.com\\\/product\\\/manly-boost\\\/#primaryimage\"},\"image\":{\"@id\":\"https:\\\/\\\/vanitas.comunicartelab.com\\\/product\\\/manly-boost\\\/#primaryimage\"},\"thumbnailUrl\":\"https:\\\/\\\/vanitas.comunicartelab.com\\\/wp-content\\\/uploads\\\/2024\\\/06\\\/MARCO-FOTOS-ARCO-lab-vanitas-madrid-estetica-facial-6.png\",\"datePublished\":\"2024-06-11T01:23:17+00:00\",\"dateModified\":\"2025-06-13T14:46:47+00:00\",\"breadcrumb\":{\"@id\":\"https:\\\/\\\/vanitas.comunicartelab.com\\\/product\\\/manly-boost\\\/#breadcrumb\"},\"inLanguage\":\"en-US\",\"potentialAction\":[{\"@type\":\"ReadAction\",\"target\":[\"https:\\\/\\\/vanitas.comunicartelab.com\\\/product\\\/manly-boost\\\/\"]}]},{\"@type\":\"ImageObject\",\"inLanguage\":\"en-US\",\"@id\":\"https:\\\/\\\/vanitas.comunicartelab.com\\\/product\\\/manly-boost\\\/#primaryimage\",\"url\":\"https:\\\/\\\/vanitas.comunicartelab.com\\\/wp-content\\\/uploads\\\/2024\\\/06\\\/MARCO-FOTOS-ARCO-lab-vanitas-madrid-estetica-facial-6.png\",\"contentUrl\":\"https:\\\/\\\/vanitas.comunicartelab.com\\\/wp-content\\\/uploads\\\/2024\\\/06\\\/MARCO-FOTOS-ARCO-lab-vanitas-madrid-estetica-facial-6.png\",\"width\":560,\"height\":530},{\"@type\":\"BreadcrumbList\",\"@id\":\"https:\\\/\\\/vanitas.comunicartelab.com\\\/product\\\/manly-boost\\\/#breadcrumb\",\"itemListElement\":[{\"@type\":\"ListItem\",\"position\":1,\"name\":\"Portada\",\"item\":\"https:\\\/\\\/vanitas.comunicartelab.com\\\/\"},{\"@type\":\"ListItem\",\"position\":2,\"name\":\"Productos\",\"item\":\"https:\\\/\\\/vanitas.comunicartelab.com\\\/shop\\\/\"},{\"@type\":\"ListItem\",\"position\":3,\"name\":\"Manly Boost\"}]},{\"@type\":\"WebSite\",\"@id\":\"https:\\\/\\\/vanitas.comunicartelab.com\\\/#website\",\"url\":\"https:\\\/\\\/vanitas.comunicartelab.com\\\/\",\"name\":\"Lab Vanitas\",\"description\":\"Cl&iacute;nica de Est&eacute;tica Avanzada en Madrid\",\"potentialAction\":[{\"@type\":\"SearchAction\",\"target\":{\"@type\":\"EntryPoint\",\"urlTemplate\":\"https:\\\/\\\/vanitas.comunicartelab.com\\\/?s={search_term_string}\"},\"query-input\":{\"@type\":\"PropertyValueSpecification\",\"valueRequired\":true,\"valueName\":\"search_term_string\"}}],\"inLanguage\":\"en-US\"}]}<\/script>\n<!-- \/ Yoast SEO Premium plugin. -->","yoast_head_json":{"title":"Manly Boost - Lab Vanitas","robots":{"index":"index","follow":"follow","max-snippet":"max-snippet:-1","max-image-preview":"max-image-preview:large","max-video-preview":"max-video-preview:-1"},"canonical":"https:\/\/vanitas.comunicartelab.com\/en\/product\/manly-boost\/","og_locale":"en_US","og_type":"article","og_title":"Manly Boost","og_description":"El poder de una piel radiante  En una era donde la imagen personal es primordial, Manly Boost responde a las necesidades del hombre moderno. Este tratamiento est\u00e1 dise\u00f1ado para hombres que valoran su apariencia y bienestar, ofreciendo una experiencia de limpieza profunda y revitalizaci\u00f3n integral de la piel.  Duraci\u00f3n de la sesi\u00f3n  Disfruta de\u00a060 minutos de atenci\u00f3n personalizada\u00a0en manos de\u00a0nuestros expertos en cuidado de la piel, quienes te brindar\u00e1n un tratamiento facial adaptado a tus necesidades.","og_url":"https:\/\/vanitas.comunicartelab.com\/en\/product\/manly-boost\/","og_site_name":"Lab Vanitas","article_modified_time":"2025-06-13T14:46:47+00:00","og_image":[{"width":560,"height":530,"url":"https:\/\/vanitas.comunicartelab.com\/wp-content\/uploads\/2024\/06\/MARCO-FOTOS-ARCO-lab-vanitas-madrid-estetica-facial-6.png","type":"image\/png"}],"twitter_card":"summary_large_image","twitter_misc":{"Est. reading time":"1 minute"},"schema":{"@context":"https:\/\/schema.org","@graph":[{"@type":"WebPage","@id":"https:\/\/vanitas.comunicartelab.com\/product\/manly-boost\/","url":"https:\/\/vanitas.comunicartelab.com\/product\/manly-boost\/","name":"Manly Boost - Lab Vanitas","isPartOf":{"@id":"https:\/\/vanitas.comunicartelab.com\/#website"},"primaryImageOfPage":{"@id":"https:\/\/vanitas.comunicartelab.com\/product\/manly-boost\/#primaryimage"},"image":{"@id":"https:\/\/vanitas.comunicartelab.com\/product\/manly-boost\/#primaryimage"},"thumbnailUrl":"https:\/\/vanitas.comunicartelab.com\/wp-content\/uploads\/2024\/06\/MARCO-FOTOS-ARCO-lab-vanitas-madrid-estetica-facial-6.png","datePublished":"2024-06-11T01:23:17+00:00","dateModified":"2025-06-13T14:46:47+00:00","breadcrumb":{"@id":"https:\/\/vanitas.comunicartelab.com\/product\/manly-boost\/#breadcrumb"},"inLanguage":"en-US","potentialAction":[{"@type":"ReadAction","target":["https:\/\/vanitas.comunicartelab.com\/product\/manly-boost\/"]}]},{"@type":"ImageObject","inLanguage":"en-US","@id":"https:\/\/vanitas.comunicartelab.com\/product\/manly-boost\/#primaryimage","url":"https:\/\/vanitas.comunicartelab.com\/wp-content\/uploads\/2024\/06\/MARCO-FOTOS-ARCO-lab-vanitas-madrid-estetica-facial-6.png","contentUrl":"https:\/\/vanitas.comunicartelab.com\/wp-content\/uploads\/2024\/06\/MARCO-FOTOS-ARCO-lab-vanitas-madrid-estetica-facial-6.png","width":560,"height":530},{"@type":"BreadcrumbList","@id":"https:\/\/vanitas.comunicartelab.com\/product\/manly-boost\/#breadcrumb","itemListElement":[{"@type":"ListItem","position":1,"name":"Portada","item":"https:\/\/vanitas.comunicartelab.com\/"},{"@type":"ListItem","position":2,"name":"Productos","item":"https:\/\/vanitas.comunicartelab.com\/shop\/"},{"@type":"ListItem","position":3,"name":"Manly Boost"}]},{"@type":"WebSite","@id":"https:\/\/vanitas.comunicartelab.com\/#website","url":"https:\/\/vanitas.comunicartelab.com\/","name":"Lab Vanitas","description":"Cl&iacute;nica de Est&eacute;tica Avanzada en Madrid","potentialAction":[{"@type":"SearchAction","target":{"@type":"EntryPoint","urlTemplate":"https:\/\/vanitas.comunicartelab.com\/?s={search_term_string}"},"query-input":{"@type":"PropertyValueSpecification","valueRequired":true,"valueName":"search_term_string"}}],"inLanguage":"en-US"}]}},"_links":{"self":[{"href":"https:\/\/vanitas.comunicartelab.com\/en\/wp-json\/wp\/v2\/product\/16729","targetHints":{"allow":["GET"]}}],"collection":[{"href":"https:\/\/vanitas.comunicartelab.com\/en\/wp-json\/wp\/v2\/product"}],"about":[{"href":"https:\/\/vanitas.comunicartelab.com\/en\/wp-json\/wp\/v2\/types\/product"}],"version-history":[{"count":1,"href":"https:\/\/vanitas.comunicartelab.com\/en\/wp-json\/wp\/v2\/product\/16729\/revisions"}],"predecessor-version":[{"id":36071,"href":"https:\/\/vanitas.comunicartelab.com\/en\/wp-json\/wp\/v2\/product\/16729\/revisions\/36071"}],"wp:featuredmedia":[{"embeddable":true,"href":"https:\/\/vanitas.comunicartelab.com\/en\/wp-json\/wp\/v2\/media\/36070"}],"wp:attachment":[{"href":"https:\/\/vanitas.comunicartelab.com\/en\/wp-json\/wp\/v2\/media?parent=16729"}],"wp:term":[{"taxonomy":"product_brand","embeddable":true,"href":"https:\/\/vanitas.comunicartelab.com\/en\/wp-json\/wp\/v2\/product_brand?post=16729"},{"taxonomy":"product_cat","embeddable":true,"href":"https:\/\/vanitas.comunicartelab.com\/en\/wp-json\/wp\/v2\/product_cat?post=16729"},{"taxonomy":"product_tag","embeddable":true,"href":"https:\/\/vanitas.comunicartelab.com\/en\/wp-json\/wp\/v2\/product_tag?post=16729"}],"curies":[{"name":"wp","href":"https:\/\/api.w.org\/{rel}","templated":true}]}}