{"id":18208,"date":"2025-05-01T16:13:32","date_gmt":"2025-05-01T15:13:32","guid":{"rendered":"https:\/\/labvanitas.comunicartelab.com\/?post_type=product&#038;p=18208"},"modified":"2025-06-13T14:33:04","modified_gmt":"2025-06-13T14:33:04","slug":"carboxiterapia","status":"publish","type":"product","link":"https:\/\/vanitas.comunicartelab.com\/en\/product\/carboxiterapia\/","title":{"rendered":"Carboxiterapia"},"content":{"rendered":"<h3 data-start=\"696\" data-end=\"729\">\u00bfQu\u00e9 es la Carboxiterapia?<\/h3>\n<p data-start=\"731\" data-end=\"1179\">La <strong data-start=\"734\" data-end=\"752\">carboxiterapia<\/strong> es un tratamiento m\u00e9dico-est\u00e9tico <strong data-start=\"787\" data-end=\"804\">no quir\u00fargico<\/strong> que consiste en la aplicaci\u00f3n subcut\u00e1nea de <strong data-start=\"849\" data-end=\"877\">di\u00f3xido de carbono (CO\u2082)<\/strong> con fines terap\u00e9uticos. Este procedimiento mejora la <strong data-start=\"931\" data-end=\"961\">oxigenaci\u00f3n de los tejidos<\/strong>, estimula la <strong data-start=\"975\" data-end=\"1001\">producci\u00f3n de col\u00e1geno<\/strong> y reactiva la <strong data-start=\"1016\" data-end=\"1046\">microcirculaci\u00f3n sangu\u00ednea<\/strong>. En <strong data-start=\"1051\" data-end=\"1066\">Lab Vanitas<\/strong>, aplicamos esta t\u00e9cnica con protocolos personalizados que maximizan los resultados en funci\u00f3n del \u00e1rea a tratar.<\/p>\n<p data-start=\"1181\" data-end=\"1404\"><strong data-start=\"1181\" data-end=\"1228\">Es ideal para mejorar la calidad de la piel<\/strong>, eliminar peque\u00f1as acumulaciones de grasa localizada y atenuar signos de envejecimiento, como las ojeras. Gracias a su versatilidad, se utiliza tanto en rostro como en cuerpo.<\/p>\n<h3 data-start=\"1411\" data-end=\"1461\">Beneficios principales de la Carboxiterapia<\/h3>\n<p data-start=\"1463\" data-end=\"1519\">Entre sus m\u00faltiples beneficios, destacan los siguientes:<\/p>\n<ul data-start=\"1521\" data-end=\"1750\">\n<li data-start=\"1521\" data-end=\"1579\">\n<p data-start=\"1523\" data-end=\"1579\"><strong data-start=\"1523\" data-end=\"1577\">Reducci\u00f3n visible de celulitis y grasa localizada.<\/strong><\/p>\n<\/li>\n<li data-start=\"1580\" data-end=\"1634\">\n<p data-start=\"1582\" data-end=\"1634\"><strong data-start=\"1582\" data-end=\"1632\">Mejora de la elasticidad y firmeza de la piel.<\/strong><\/p>\n<\/li>\n<li data-start=\"1635\" data-end=\"1690\">\n<p data-start=\"1637\" data-end=\"1690\"><strong data-start=\"1637\" data-end=\"1688\">Disminuci\u00f3n de ojeras vasculares y pigmentadas.<\/strong><\/p>\n<\/li>\n<li data-start=\"1691\" data-end=\"1750\">\n<p data-start=\"1693\" data-end=\"1750\"><strong data-start=\"1693\" data-end=\"1750\">Estimulaci\u00f3n de col\u00e1geno y elastina de forma natural.<\/strong><\/p>\n<\/li>\n<\/ul>\n<p data-start=\"1752\" data-end=\"1978\">En nuestra cl\u00ednica de est\u00e9tica avanzada en el <strong data-start=\"1798\" data-end=\"1821\">Barrio de Salamanca<\/strong>, combinamos la carboxiterapia con otros tratamientos sin\u00e9rgicos para potenciar sus efectos. Todo con equipos de \u00faltima generaci\u00f3n y supervisi\u00f3n profesional.<\/p>","protected":false},"excerpt":{"rendered":"<p>Revitaliza tu piel y mejora la circulaci\u00f3n con <strong data-start=\"358\" data-end=\"398\">Carboxiterapia en Lab Vanitas Madrid<\/strong>. Un tratamiento eficaz y no invasivo que combate la celulitis, las ojeras y la flacidez mediante la aplicaci\u00f3n de CO\u2082 m\u00e9dico. <strong data-start=\"525\" data-end=\"553\">Reserva tu sesi\u00f3n online<\/strong> y ven a cuidarte al coraz\u00f3n del <strong data-start=\"586\" data-end=\"606\">Barrio Salamanca<\/strong>.<\/p>\n<p><strong>Duraci\u00f3n de la sesi\u00f3n<\/strong><br \/>\n60 minutos<\/p>","protected":false},"featured_media":36050,"template":"","meta":{"_acf_changed":false},"product_brand":[],"product_cat":[75],"product_tag":[],"class_list":{"0":"post-18208","1":"product","2":"type-product","3":"status-publish","4":"has-post-thumbnail","6":"product_cat-tratamientos-faciales-recoletos-madrid","8":"first","9":"instock","10":"shipping-taxable","11":"purchasable","12":"product-type-simple"},"acf":[],"yoast_head":"<!-- This site is optimized with the Yoast SEO Premium plugin v25.0 (Yoast SEO v27.4) - https:\/\/yoast.com\/product\/yoast-seo-premium-wordpress\/ -->\n<title>Carboxiterapia - Lab Vanitas<\/title>\n<meta name=\"robots\" content=\"index, follow, max-snippet:-1, max-image-preview:large, max-video-preview:-1\" \/>\n<link rel=\"canonical\" href=\"https:\/\/vanitas.comunicartelab.com\/en\/product\/carboxiterapia\/\" \/>\n<meta property=\"og:locale\" content=\"en_US\" \/>\n<meta property=\"og:type\" content=\"article\" \/>\n<meta property=\"og:title\" content=\"Carboxiterapia\" \/>\n<meta property=\"og:description\" content=\"Revitaliza tu piel y mejora la circulaci\u00f3n con Carboxiterapia en Lab Vanitas Madrid. Un tratamiento eficaz y no invasivo que combate la celulitis, las ojeras y la flacidez mediante la aplicaci\u00f3n de CO\u2082 m\u00e9dico. Reserva tu sesi\u00f3n online y ven a cuidarte al coraz\u00f3n del Barrio Salamanca.  Duraci\u00f3n de la sesi\u00f3n 60 minutos\" \/>\n<meta property=\"og:url\" content=\"https:\/\/vanitas.comunicartelab.com\/en\/product\/carboxiterapia\/\" \/>\n<meta property=\"og:site_name\" content=\"Lab Vanitas\" \/>\n<meta property=\"article:modified_time\" content=\"2025-06-13T14:33:04+00:00\" \/>\n<meta property=\"og:image\" content=\"https:\/\/vanitas.comunicartelab.com\/wp-content\/uploads\/2025\/05\/MARCO-FOTOS-ARCO-lab-vanitas-madrid-estetica-facial-2.png\" \/>\n\t<meta property=\"og:image:width\" content=\"560\" \/>\n\t<meta property=\"og:image:height\" content=\"530\" \/>\n\t<meta property=\"og:image:type\" content=\"image\/png\" \/>\n<meta name=\"twitter:card\" content=\"summary_large_image\" \/>\n<meta name=\"twitter:label1\" content=\"Est. reading time\" \/>\n\t<meta name=\"twitter:data1\" content=\"1 minute\" \/>\n<script type=\"application\/ld+json\" class=\"yoast-schema-graph\">{\"@context\":\"https:\\\/\\\/schema.org\",\"@graph\":[{\"@type\":\"WebPage\",\"@id\":\"https:\\\/\\\/vanitas.comunicartelab.com\\\/product\\\/carboxiterapia\\\/\",\"url\":\"https:\\\/\\\/vanitas.comunicartelab.com\\\/product\\\/carboxiterapia\\\/\",\"name\":\"Carboxiterapia - Lab Vanitas\",\"isPartOf\":{\"@id\":\"https:\\\/\\\/vanitas.comunicartelab.com\\\/#website\"},\"primaryImageOfPage\":{\"@id\":\"https:\\\/\\\/vanitas.comunicartelab.com\\\/product\\\/carboxiterapia\\\/#primaryimage\"},\"image\":{\"@id\":\"https:\\\/\\\/vanitas.comunicartelab.com\\\/product\\\/carboxiterapia\\\/#primaryimage\"},\"thumbnailUrl\":\"https:\\\/\\\/vanitas.comunicartelab.com\\\/wp-content\\\/uploads\\\/2025\\\/05\\\/MARCO-FOTOS-ARCO-lab-vanitas-madrid-estetica-facial-2.png\",\"datePublished\":\"2025-05-01T15:13:32+00:00\",\"dateModified\":\"2025-06-13T14:33:04+00:00\",\"breadcrumb\":{\"@id\":\"https:\\\/\\\/vanitas.comunicartelab.com\\\/product\\\/carboxiterapia\\\/#breadcrumb\"},\"inLanguage\":\"en-US\",\"potentialAction\":[{\"@type\":\"ReadAction\",\"target\":[\"https:\\\/\\\/vanitas.comunicartelab.com\\\/product\\\/carboxiterapia\\\/\"]}]},{\"@type\":\"ImageObject\",\"inLanguage\":\"en-US\",\"@id\":\"https:\\\/\\\/vanitas.comunicartelab.com\\\/product\\\/carboxiterapia\\\/#primaryimage\",\"url\":\"https:\\\/\\\/vanitas.comunicartelab.com\\\/wp-content\\\/uploads\\\/2025\\\/05\\\/MARCO-FOTOS-ARCO-lab-vanitas-madrid-estetica-facial-2.png\",\"contentUrl\":\"https:\\\/\\\/vanitas.comunicartelab.com\\\/wp-content\\\/uploads\\\/2025\\\/05\\\/MARCO-FOTOS-ARCO-lab-vanitas-madrid-estetica-facial-2.png\",\"width\":560,\"height\":530},{\"@type\":\"BreadcrumbList\",\"@id\":\"https:\\\/\\\/vanitas.comunicartelab.com\\\/product\\\/carboxiterapia\\\/#breadcrumb\",\"itemListElement\":[{\"@type\":\"ListItem\",\"position\":1,\"name\":\"Portada\",\"item\":\"https:\\\/\\\/vanitas.comunicartelab.com\\\/\"},{\"@type\":\"ListItem\",\"position\":2,\"name\":\"Productos\",\"item\":\"https:\\\/\\\/vanitas.comunicartelab.com\\\/shop\\\/\"},{\"@type\":\"ListItem\",\"position\":3,\"name\":\"Carboxiterapia\"}]},{\"@type\":\"WebSite\",\"@id\":\"https:\\\/\\\/vanitas.comunicartelab.com\\\/#website\",\"url\":\"https:\\\/\\\/vanitas.comunicartelab.com\\\/\",\"name\":\"Lab Vanitas\",\"description\":\"Cl&iacute;nica de Est&eacute;tica Avanzada en Madrid\",\"potentialAction\":[{\"@type\":\"SearchAction\",\"target\":{\"@type\":\"EntryPoint\",\"urlTemplate\":\"https:\\\/\\\/vanitas.comunicartelab.com\\\/?s={search_term_string}\"},\"query-input\":{\"@type\":\"PropertyValueSpecification\",\"valueRequired\":true,\"valueName\":\"search_term_string\"}}],\"inLanguage\":\"en-US\"}]}<\/script>\n<!-- \/ Yoast SEO Premium plugin. -->","yoast_head_json":{"title":"Carboxiterapia - Lab Vanitas","robots":{"index":"index","follow":"follow","max-snippet":"max-snippet:-1","max-image-preview":"max-image-preview:large","max-video-preview":"max-video-preview:-1"},"canonical":"https:\/\/vanitas.comunicartelab.com\/en\/product\/carboxiterapia\/","og_locale":"en_US","og_type":"article","og_title":"Carboxiterapia","og_description":"Revitaliza tu piel y mejora la circulaci\u00f3n con Carboxiterapia en Lab Vanitas Madrid. Un tratamiento eficaz y no invasivo que combate la celulitis, las ojeras y la flacidez mediante la aplicaci\u00f3n de CO\u2082 m\u00e9dico. Reserva tu sesi\u00f3n online y ven a cuidarte al coraz\u00f3n del Barrio Salamanca.  Duraci\u00f3n de la sesi\u00f3n 60 minutos","og_url":"https:\/\/vanitas.comunicartelab.com\/en\/product\/carboxiterapia\/","og_site_name":"Lab Vanitas","article_modified_time":"2025-06-13T14:33:04+00:00","og_image":[{"width":560,"height":530,"url":"https:\/\/vanitas.comunicartelab.com\/wp-content\/uploads\/2025\/05\/MARCO-FOTOS-ARCO-lab-vanitas-madrid-estetica-facial-2.png","type":"image\/png"}],"twitter_card":"summary_large_image","twitter_misc":{"Est. reading time":"1 minute"},"schema":{"@context":"https:\/\/schema.org","@graph":[{"@type":"WebPage","@id":"https:\/\/vanitas.comunicartelab.com\/product\/carboxiterapia\/","url":"https:\/\/vanitas.comunicartelab.com\/product\/carboxiterapia\/","name":"Carboxiterapia - Lab Vanitas","isPartOf":{"@id":"https:\/\/vanitas.comunicartelab.com\/#website"},"primaryImageOfPage":{"@id":"https:\/\/vanitas.comunicartelab.com\/product\/carboxiterapia\/#primaryimage"},"image":{"@id":"https:\/\/vanitas.comunicartelab.com\/product\/carboxiterapia\/#primaryimage"},"thumbnailUrl":"https:\/\/vanitas.comunicartelab.com\/wp-content\/uploads\/2025\/05\/MARCO-FOTOS-ARCO-lab-vanitas-madrid-estetica-facial-2.png","datePublished":"2025-05-01T15:13:32+00:00","dateModified":"2025-06-13T14:33:04+00:00","breadcrumb":{"@id":"https:\/\/vanitas.comunicartelab.com\/product\/carboxiterapia\/#breadcrumb"},"inLanguage":"en-US","potentialAction":[{"@type":"ReadAction","target":["https:\/\/vanitas.comunicartelab.com\/product\/carboxiterapia\/"]}]},{"@type":"ImageObject","inLanguage":"en-US","@id":"https:\/\/vanitas.comunicartelab.com\/product\/carboxiterapia\/#primaryimage","url":"https:\/\/vanitas.comunicartelab.com\/wp-content\/uploads\/2025\/05\/MARCO-FOTOS-ARCO-lab-vanitas-madrid-estetica-facial-2.png","contentUrl":"https:\/\/vanitas.comunicartelab.com\/wp-content\/uploads\/2025\/05\/MARCO-FOTOS-ARCO-lab-vanitas-madrid-estetica-facial-2.png","width":560,"height":530},{"@type":"BreadcrumbList","@id":"https:\/\/vanitas.comunicartelab.com\/product\/carboxiterapia\/#breadcrumb","itemListElement":[{"@type":"ListItem","position":1,"name":"Portada","item":"https:\/\/vanitas.comunicartelab.com\/"},{"@type":"ListItem","position":2,"name":"Productos","item":"https:\/\/vanitas.comunicartelab.com\/shop\/"},{"@type":"ListItem","position":3,"name":"Carboxiterapia"}]},{"@type":"WebSite","@id":"https:\/\/vanitas.comunicartelab.com\/#website","url":"https:\/\/vanitas.comunicartelab.com\/","name":"Lab Vanitas","description":"Cl&iacute;nica de Est&eacute;tica Avanzada en Madrid","potentialAction":[{"@type":"SearchAction","target":{"@type":"EntryPoint","urlTemplate":"https:\/\/vanitas.comunicartelab.com\/?s={search_term_string}"},"query-input":{"@type":"PropertyValueSpecification","valueRequired":true,"valueName":"search_term_string"}}],"inLanguage":"en-US"}]}},"_links":{"self":[{"href":"https:\/\/vanitas.comunicartelab.com\/en\/wp-json\/wp\/v2\/product\/18208","targetHints":{"allow":["GET"]}}],"collection":[{"href":"https:\/\/vanitas.comunicartelab.com\/en\/wp-json\/wp\/v2\/product"}],"about":[{"href":"https:\/\/vanitas.comunicartelab.com\/en\/wp-json\/wp\/v2\/types\/product"}],"version-history":[{"count":2,"href":"https:\/\/vanitas.comunicartelab.com\/en\/wp-json\/wp\/v2\/product\/18208\/revisions"}],"predecessor-version":[{"id":36045,"href":"https:\/\/vanitas.comunicartelab.com\/en\/wp-json\/wp\/v2\/product\/18208\/revisions\/36045"}],"wp:featuredmedia":[{"embeddable":true,"href":"https:\/\/vanitas.comunicartelab.com\/en\/wp-json\/wp\/v2\/media\/36050"}],"wp:attachment":[{"href":"https:\/\/vanitas.comunicartelab.com\/en\/wp-json\/wp\/v2\/media?parent=18208"}],"wp:term":[{"taxonomy":"product_brand","embeddable":true,"href":"https:\/\/vanitas.comunicartelab.com\/en\/wp-json\/wp\/v2\/product_brand?post=18208"},{"taxonomy":"product_cat","embeddable":true,"href":"https:\/\/vanitas.comunicartelab.com\/en\/wp-json\/wp\/v2\/product_cat?post=18208"},{"taxonomy":"product_tag","embeddable":true,"href":"https:\/\/vanitas.comunicartelab.com\/en\/wp-json\/wp\/v2\/product_tag?post=18208"}],"curies":[{"name":"wp","href":"https:\/\/api.w.org\/{rel}","templated":true}]}}