{"id":18211,"date":"2025-05-01T16:15:08","date_gmt":"2025-05-01T15:15:08","guid":{"rendered":"https:\/\/labvanitas.comunicartelab.com\/?post_type=product&#038;p=18211"},"modified":"2025-05-27T20:27:47","modified_gmt":"2025-05-27T20:27:47","slug":"mesoterapia-facial","status":"publish","type":"product","link":"https:\/\/vanitas.comunicartelab.com\/en\/product\/mesoterapia-facial\/","title":{"rendered":"Mesoterapia facial"},"content":{"rendered":"<h3 data-start=\"151\" data-end=\"240\"><strong data-start=\"155\" data-end=\"240\">Mesoterapia Facial: Hidrataci\u00f3n, Luminosidad y Rejuvenecimiento desde el Interior<\/strong><\/h3>\n<p data-start=\"242\" data-end=\"667\">La <strong data-start=\"245\" data-end=\"267\">Mesoterapia facial<\/strong> es un tratamiento de medicina est\u00e9tica no invasivo que revitaliza la piel desde las capas m\u00e1s profundas. Consiste en la aplicaci\u00f3n de microinyecciones con principios activos como \u00e1cido hialur\u00f3nico, vitaminas, minerales y antioxidantes directamente en la dermis. Estos nutrientes estimulan la producci\u00f3n de col\u00e1geno y elastina, mejorando notablemente la hidrataci\u00f3n, firmeza y luminosidad del rostro.<\/p>\n<p data-start=\"669\" data-end=\"970\">Es una excelente opci\u00f3n para prevenir y tratar los signos del envejecimiento, combatir la piel apagada o cansada y mejorar la textura cut\u00e1nea. Sus resultados son progresivos y naturales, ideales para quienes buscan una piel m\u00e1s joven, fresca y saludable sin necesidad de recurrir a t\u00e9cnicas agresivas.<\/p>\n<p data-start=\"972\" data-end=\"1198\">Indicado para todo tipo de pieles, la mesoterapia facial puede personalizarse seg\u00fan las necesidades de cada paciente, convirti\u00e9ndola en uno de los tratamientos m\u00e1s vers\u00e1tiles y efectivos dentro de la medicina est\u00e9tica moderna.<\/p>","protected":false},"excerpt":{"rendered":"<p><strong>Relajaci\u00f3n total con aceites esenciales<\/strong><\/p>\n<p>Disfruta de una atm\u00f3sfera relajante y arom\u00e1tica mientras deleitas tus sentidos con suaves y agradables maniobras manuales. Esta experiencia de relajaci\u00f3n profunda restablecer\u00e1 el equilibrio necesario en tu cuerpo y liberar\u00e1 las tensiones acumuladas.<\/p>\n<p>\u00abD\u00e9jate envolver por este agradable masaje, caracterizado por el ambiente reconfortante creado por los aceites esenciales de tus plantas favoritas\u00bb.<\/p>\n<p><strong>Duraci\u00f3n de la sesi\u00f3n: 60 minutos.<\/strong><\/p>","protected":false},"featured_media":35545,"template":"","meta":{"_acf_changed":false},"product_brand":[],"product_cat":[75],"product_tag":[],"class_list":{"0":"post-18211","1":"product","2":"type-product","3":"status-publish","4":"has-post-thumbnail","6":"product_cat-tratamientos-faciales-recoletos-madrid","8":"first","9":"instock","10":"virtual","11":"purchasable","12":"product-type-simple"},"acf":[],"yoast_head":"<!-- This site is optimized with the Yoast SEO Premium plugin v25.0 (Yoast SEO v27.4) - https:\/\/yoast.com\/product\/yoast-seo-premium-wordpress\/ -->\n<title>Mesoterapia facial - Lab Vanitas<\/title>\n<meta name=\"robots\" content=\"index, follow, max-snippet:-1, max-image-preview:large, max-video-preview:-1\" \/>\n<link rel=\"canonical\" href=\"https:\/\/vanitas.comunicartelab.com\/en\/product\/mesoterapia-facial\/\" \/>\n<meta property=\"og:locale\" content=\"en_US\" \/>\n<meta property=\"og:type\" content=\"article\" \/>\n<meta property=\"og:title\" content=\"Mesoterapia facial\" \/>\n<meta property=\"og:description\" content=\"Relajaci\u00f3n total con aceites esenciales  Disfruta de una atm\u00f3sfera relajante y arom\u00e1tica mientras deleitas tus sentidos con suaves y agradables maniobras manuales. Esta experiencia de relajaci\u00f3n profunda restablecer\u00e1 el equilibrio necesario en tu cuerpo y liberar\u00e1 las tensiones acumuladas.  \u00abD\u00e9jate envolver por este agradable masaje, caracterizado por el ambiente reconfortante creado por los aceites esenciales de tus plantas favoritas\u00bb.  Duraci\u00f3n de la sesi\u00f3n: 60 minutos.\" \/>\n<meta property=\"og:url\" content=\"https:\/\/vanitas.comunicartelab.com\/en\/product\/mesoterapia-facial\/\" \/>\n<meta property=\"og:site_name\" content=\"Lab Vanitas\" \/>\n<meta property=\"article:modified_time\" content=\"2025-05-27T20:27:47+00:00\" \/>\n<meta property=\"og:image\" content=\"https:\/\/vanitas.comunicartelab.com\/wp-content\/uploads\/2025\/05\/MARCO-FOTOS-ARCO-lab-vanitas-madrid-mesoterapia-facial.png\" \/>\n\t<meta property=\"og:image:width\" content=\"560\" \/>\n\t<meta property=\"og:image:height\" content=\"530\" \/>\n\t<meta property=\"og:image:type\" content=\"image\/png\" \/>\n<meta name=\"twitter:card\" content=\"summary_large_image\" \/>\n<meta name=\"twitter:label1\" content=\"Est. reading time\" \/>\n\t<meta name=\"twitter:data1\" content=\"1 minute\" \/>\n<script type=\"application\/ld+json\" class=\"yoast-schema-graph\">{\"@context\":\"https:\\\/\\\/schema.org\",\"@graph\":[{\"@type\":\"WebPage\",\"@id\":\"https:\\\/\\\/vanitas.comunicartelab.com\\\/product\\\/mesoterapia-facial\\\/\",\"url\":\"https:\\\/\\\/vanitas.comunicartelab.com\\\/product\\\/mesoterapia-facial\\\/\",\"name\":\"Mesoterapia facial - Lab Vanitas\",\"isPartOf\":{\"@id\":\"https:\\\/\\\/vanitas.comunicartelab.com\\\/#website\"},\"primaryImageOfPage\":{\"@id\":\"https:\\\/\\\/vanitas.comunicartelab.com\\\/product\\\/mesoterapia-facial\\\/#primaryimage\"},\"image\":{\"@id\":\"https:\\\/\\\/vanitas.comunicartelab.com\\\/product\\\/mesoterapia-facial\\\/#primaryimage\"},\"thumbnailUrl\":\"https:\\\/\\\/vanitas.comunicartelab.com\\\/wp-content\\\/uploads\\\/2025\\\/05\\\/MARCO-FOTOS-ARCO-lab-vanitas-madrid-mesoterapia-facial.png\",\"datePublished\":\"2025-05-01T15:15:08+00:00\",\"dateModified\":\"2025-05-27T20:27:47+00:00\",\"breadcrumb\":{\"@id\":\"https:\\\/\\\/vanitas.comunicartelab.com\\\/product\\\/mesoterapia-facial\\\/#breadcrumb\"},\"inLanguage\":\"en-US\",\"potentialAction\":[{\"@type\":\"ReadAction\",\"target\":[\"https:\\\/\\\/vanitas.comunicartelab.com\\\/product\\\/mesoterapia-facial\\\/\"]}]},{\"@type\":\"ImageObject\",\"inLanguage\":\"en-US\",\"@id\":\"https:\\\/\\\/vanitas.comunicartelab.com\\\/product\\\/mesoterapia-facial\\\/#primaryimage\",\"url\":\"https:\\\/\\\/vanitas.comunicartelab.com\\\/wp-content\\\/uploads\\\/2025\\\/05\\\/MARCO-FOTOS-ARCO-lab-vanitas-madrid-mesoterapia-facial.png\",\"contentUrl\":\"https:\\\/\\\/vanitas.comunicartelab.com\\\/wp-content\\\/uploads\\\/2025\\\/05\\\/MARCO-FOTOS-ARCO-lab-vanitas-madrid-mesoterapia-facial.png\",\"width\":560,\"height\":530},{\"@type\":\"BreadcrumbList\",\"@id\":\"https:\\\/\\\/vanitas.comunicartelab.com\\\/product\\\/mesoterapia-facial\\\/#breadcrumb\",\"itemListElement\":[{\"@type\":\"ListItem\",\"position\":1,\"name\":\"Portada\",\"item\":\"https:\\\/\\\/vanitas.comunicartelab.com\\\/\"},{\"@type\":\"ListItem\",\"position\":2,\"name\":\"Productos\",\"item\":\"https:\\\/\\\/vanitas.comunicartelab.com\\\/shop\\\/\"},{\"@type\":\"ListItem\",\"position\":3,\"name\":\"Mesoterapia facial\"}]},{\"@type\":\"WebSite\",\"@id\":\"https:\\\/\\\/vanitas.comunicartelab.com\\\/#website\",\"url\":\"https:\\\/\\\/vanitas.comunicartelab.com\\\/\",\"name\":\"Lab Vanitas\",\"description\":\"Cl&iacute;nica de Est&eacute;tica Avanzada en Madrid\",\"potentialAction\":[{\"@type\":\"SearchAction\",\"target\":{\"@type\":\"EntryPoint\",\"urlTemplate\":\"https:\\\/\\\/vanitas.comunicartelab.com\\\/?s={search_term_string}\"},\"query-input\":{\"@type\":\"PropertyValueSpecification\",\"valueRequired\":true,\"valueName\":\"search_term_string\"}}],\"inLanguage\":\"en-US\"}]}<\/script>\n<!-- \/ Yoast SEO Premium plugin. -->","yoast_head_json":{"title":"Mesoterapia facial - Lab Vanitas","robots":{"index":"index","follow":"follow","max-snippet":"max-snippet:-1","max-image-preview":"max-image-preview:large","max-video-preview":"max-video-preview:-1"},"canonical":"https:\/\/vanitas.comunicartelab.com\/en\/product\/mesoterapia-facial\/","og_locale":"en_US","og_type":"article","og_title":"Mesoterapia facial","og_description":"Relajaci\u00f3n total con aceites esenciales  Disfruta de una atm\u00f3sfera relajante y arom\u00e1tica mientras deleitas tus sentidos con suaves y agradables maniobras manuales. Esta experiencia de relajaci\u00f3n profunda restablecer\u00e1 el equilibrio necesario en tu cuerpo y liberar\u00e1 las tensiones acumuladas.  \u00abD\u00e9jate envolver por este agradable masaje, caracterizado por el ambiente reconfortante creado por los aceites esenciales de tus plantas favoritas\u00bb.  Duraci\u00f3n de la sesi\u00f3n: 60 minutos.","og_url":"https:\/\/vanitas.comunicartelab.com\/en\/product\/mesoterapia-facial\/","og_site_name":"Lab Vanitas","article_modified_time":"2025-05-27T20:27:47+00:00","og_image":[{"width":560,"height":530,"url":"https:\/\/vanitas.comunicartelab.com\/wp-content\/uploads\/2025\/05\/MARCO-FOTOS-ARCO-lab-vanitas-madrid-mesoterapia-facial.png","type":"image\/png"}],"twitter_card":"summary_large_image","twitter_misc":{"Est. reading time":"1 minute"},"schema":{"@context":"https:\/\/schema.org","@graph":[{"@type":"WebPage","@id":"https:\/\/vanitas.comunicartelab.com\/product\/mesoterapia-facial\/","url":"https:\/\/vanitas.comunicartelab.com\/product\/mesoterapia-facial\/","name":"Mesoterapia facial - Lab Vanitas","isPartOf":{"@id":"https:\/\/vanitas.comunicartelab.com\/#website"},"primaryImageOfPage":{"@id":"https:\/\/vanitas.comunicartelab.com\/product\/mesoterapia-facial\/#primaryimage"},"image":{"@id":"https:\/\/vanitas.comunicartelab.com\/product\/mesoterapia-facial\/#primaryimage"},"thumbnailUrl":"https:\/\/vanitas.comunicartelab.com\/wp-content\/uploads\/2025\/05\/MARCO-FOTOS-ARCO-lab-vanitas-madrid-mesoterapia-facial.png","datePublished":"2025-05-01T15:15:08+00:00","dateModified":"2025-05-27T20:27:47+00:00","breadcrumb":{"@id":"https:\/\/vanitas.comunicartelab.com\/product\/mesoterapia-facial\/#breadcrumb"},"inLanguage":"en-US","potentialAction":[{"@type":"ReadAction","target":["https:\/\/vanitas.comunicartelab.com\/product\/mesoterapia-facial\/"]}]},{"@type":"ImageObject","inLanguage":"en-US","@id":"https:\/\/vanitas.comunicartelab.com\/product\/mesoterapia-facial\/#primaryimage","url":"https:\/\/vanitas.comunicartelab.com\/wp-content\/uploads\/2025\/05\/MARCO-FOTOS-ARCO-lab-vanitas-madrid-mesoterapia-facial.png","contentUrl":"https:\/\/vanitas.comunicartelab.com\/wp-content\/uploads\/2025\/05\/MARCO-FOTOS-ARCO-lab-vanitas-madrid-mesoterapia-facial.png","width":560,"height":530},{"@type":"BreadcrumbList","@id":"https:\/\/vanitas.comunicartelab.com\/product\/mesoterapia-facial\/#breadcrumb","itemListElement":[{"@type":"ListItem","position":1,"name":"Portada","item":"https:\/\/vanitas.comunicartelab.com\/"},{"@type":"ListItem","position":2,"name":"Productos","item":"https:\/\/vanitas.comunicartelab.com\/shop\/"},{"@type":"ListItem","position":3,"name":"Mesoterapia facial"}]},{"@type":"WebSite","@id":"https:\/\/vanitas.comunicartelab.com\/#website","url":"https:\/\/vanitas.comunicartelab.com\/","name":"Lab Vanitas","description":"Cl&iacute;nica de Est&eacute;tica Avanzada en Madrid","potentialAction":[{"@type":"SearchAction","target":{"@type":"EntryPoint","urlTemplate":"https:\/\/vanitas.comunicartelab.com\/?s={search_term_string}"},"query-input":{"@type":"PropertyValueSpecification","valueRequired":true,"valueName":"search_term_string"}}],"inLanguage":"en-US"}]}},"_links":{"self":[{"href":"https:\/\/vanitas.comunicartelab.com\/en\/wp-json\/wp\/v2\/product\/18211","targetHints":{"allow":["GET"]}}],"collection":[{"href":"https:\/\/vanitas.comunicartelab.com\/en\/wp-json\/wp\/v2\/product"}],"about":[{"href":"https:\/\/vanitas.comunicartelab.com\/en\/wp-json\/wp\/v2\/types\/product"}],"version-history":[{"count":0,"href":"https:\/\/vanitas.comunicartelab.com\/en\/wp-json\/wp\/v2\/product\/18211\/revisions"}],"wp:featuredmedia":[{"embeddable":true,"href":"https:\/\/vanitas.comunicartelab.com\/en\/wp-json\/wp\/v2\/media\/35545"}],"wp:attachment":[{"href":"https:\/\/vanitas.comunicartelab.com\/en\/wp-json\/wp\/v2\/media?parent=18211"}],"wp:term":[{"taxonomy":"product_brand","embeddable":true,"href":"https:\/\/vanitas.comunicartelab.com\/en\/wp-json\/wp\/v2\/product_brand?post=18211"},{"taxonomy":"product_cat","embeddable":true,"href":"https:\/\/vanitas.comunicartelab.com\/en\/wp-json\/wp\/v2\/product_cat?post=18211"},{"taxonomy":"product_tag","embeddable":true,"href":"https:\/\/vanitas.comunicartelab.com\/en\/wp-json\/wp\/v2\/product_tag?post=18211"}],"curies":[{"name":"wp","href":"https:\/\/api.w.org\/{rel}","templated":true}]}}